{"id":10,"date":"2025-01-09T03:29:34","date_gmt":"2025-01-09T03:29:34","guid":{"rendered":"https:\/\/centronuevasraices.cl\/index.php\/front_page\/"},"modified":"2025-03-25T02:21:58","modified_gmt":"2025-03-25T02:21:58","slug":"nuevas-raices-rehabilitacion-y-terapia-para-el-abuso-de-alcohol-y-drogas","status":"publish","type":"page","link":"https:\/\/centronuevasraices.cl\/","title":{"rendered":"Home"},"content":{"rendered":"\n\n\n\n\n\n\n\n\n\n\n\n\n\n","protected":false},"excerpt":{"rendered":"","protected":false},"author":1,"featured_media":0,"parent":0,"menu_order":0,"comment_status":"closed","ping_status":"closed","template":"","meta":{"saved_in_kubio":true,"footnotes":""},"class_list":["post-10","page","type-page","status-publish","hentry"],"kubio_ai_page_context":{"short_desc":"","purpose":"general"},"yoast_head":"<!-- This site is optimized with the Yoast SEO plugin v24.4 - https:\/\/yoast.com\/wordpress\/plugins\/seo\/ -->\n<title>Home - Centro Nuevas Raices<\/title>\n<meta name=\"description\" content=\"Centro de rehabilitaci\u00f3n, abordamos la adicci\u00f3n como una enfermedad cr\u00f3nica que dura toda la vida. Tratamiento es cognitivo conductual.\" \/>\n<meta name=\"robots\" content=\"index, follow, max-snippet:-1, max-image-preview:large, max-video-preview:-1, noarchive\" \/>\n<link rel=\"canonical\" href=\"https:\/\/centronuevasraices.cl\/\" \/>\n<meta property=\"og:locale\" content=\"es_ES\" \/>\n<meta property=\"og:type\" content=\"article\" \/>\n<meta property=\"og:title\" content=\"Home - Centro Nuevas Raices\" \/>\n<meta property=\"og:description\" content=\"Centro de rehabilitaci\u00f3n, abordamos la adicci\u00f3n como una enfermedad cr\u00f3nica que dura toda la vida. Tratamiento es cognitivo conductual.\" \/>\n<meta property=\"og:url\" content=\"https:\/\/centronuevasraices.cl\/\" \/>\n<meta property=\"og:site_name\" content=\"Centro Nuevas Raices\" \/>\n<meta property=\"article:modified_time\" content=\"2025-03-25T02:21:58+00:00\" \/>\n<meta property=\"og:image\" content=\"https:\/\/centronuevasraices.cl\/wp-content\/uploads\/2025\/01\/logo-entero-circ.png\" \/>\n\t<meta property=\"og:image:width\" content=\"2251\" \/>\n\t<meta property=\"og:image:height\" content=\"1951\" \/>\n\t<meta property=\"og:image:type\" content=\"image\/png\" \/>\n<meta name=\"twitter:card\" content=\"summary_large_image\" \/>\n<script type=\"application\/ld+json\" class=\"yoast-schema-graph\">{\"@context\":\"https:\/\/schema.org\",\"@graph\":[{\"@type\":\"WebPage\",\"@id\":\"https:\/\/centronuevasraices.cl\/\",\"url\":\"https:\/\/centronuevasraices.cl\/\",\"name\":\"Home - Centro Nuevas Raices\",\"isPartOf\":{\"@id\":\"https:\/\/centronuevasraices.cl\/#website\"},\"datePublished\":\"2025-01-09T03:29:34+00:00\",\"dateModified\":\"2025-03-25T02:21:58+00:00\",\"description\":\"Centro de rehabilitaci\u00f3n, abordamos la adicci\u00f3n como una enfermedad cr\u00f3nica que dura toda la vida. Tratamiento es cognitivo conductual.\",\"breadcrumb\":{\"@id\":\"https:\/\/centronuevasraices.cl\/#breadcrumb\"},\"inLanguage\":\"es\",\"potentialAction\":[{\"@type\":\"ReadAction\",\"target\":[\"https:\/\/centronuevasraices.cl\/\"]}]},{\"@type\":\"BreadcrumbList\",\"@id\":\"https:\/\/centronuevasraices.cl\/#breadcrumb\",\"itemListElement\":[{\"@type\":\"ListItem\",\"position\":1,\"name\":\"Portada\",\"item\":\"https:\/\/centronuevasraices.cl\/\"},{\"@type\":\"ListItem\",\"position\":2,\"name\":\"Centro de Rehabilitaci\u00f3n\"}]},{\"@type\":\"WebSite\",\"@id\":\"https:\/\/centronuevasraices.cl\/#website\",\"url\":\"https:\/\/centronuevasraices.cl\/\",\"name\":\"Centro Nuevas Ra\u00edces\",\"description\":\"Rehabilitaci\u00f3n Oportuna\",\"publisher\":{\"@id\":\"https:\/\/centronuevasraices.cl\/#organization\"},\"alternateName\":\"Nuevas Ra\u00edces - Centro de rehabilitaci\u00f3n\",\"potentialAction\":[{\"@type\":\"SearchAction\",\"target\":{\"@type\":\"EntryPoint\",\"urlTemplate\":\"https:\/\/centronuevasraices.cl\/?s={search_term_string}\"},\"query-input\":{\"@type\":\"PropertyValueSpecification\",\"valueRequired\":true,\"valueName\":\"search_term_string\"}}],\"inLanguage\":\"es\"},{\"@type\":\"Organization\",\"@id\":\"https:\/\/centronuevasraices.cl\/#organization\",\"name\":\"Centro Nuevas Raices\",\"alternateName\":\"Nuevas raices\",\"url\":\"https:\/\/centronuevasraices.cl\/\",\"logo\":{\"@type\":\"ImageObject\",\"inLanguage\":\"es\",\"@id\":\"https:\/\/centronuevasraices.cl\/#\/schema\/logo\/image\/\",\"url\":\"https:\/\/centronuevasraices.cl\/wp-content\/uploads\/2025\/01\/logo-entero-circ.png\",\"contentUrl\":\"https:\/\/centronuevasraices.cl\/wp-content\/uploads\/2025\/01\/logo-entero-circ.png\",\"width\":2251,\"height\":1951,\"caption\":\"Centro Nuevas Raices\"},\"image\":{\"@id\":\"https:\/\/centronuevasraices.cl\/#\/schema\/logo\/image\/\"}}]}<\/script>\n<!-- \/ Yoast SEO plugin. -->","yoast_head_json":{"title":"Home - Centro Nuevas Raices","description":"Centro de rehabilitaci\u00f3n, abordamos la adicci\u00f3n como una enfermedad cr\u00f3nica que dura toda la vida. Tratamiento es cognitivo conductual.","robots":{"index":"index","follow":"follow","max-snippet":"max-snippet:-1","max-image-preview":"max-image-preview:large","max-video-preview":"max-video-preview:-1","archive":"noarchive"},"canonical":"https:\/\/centronuevasraices.cl\/","og_locale":"es_ES","og_type":"article","og_title":"Home - Centro Nuevas Raices","og_description":"Centro de rehabilitaci\u00f3n, abordamos la adicci\u00f3n como una enfermedad cr\u00f3nica que dura toda la vida. Tratamiento es cognitivo conductual.","og_url":"https:\/\/centronuevasraices.cl\/","og_site_name":"Centro Nuevas Raices","article_modified_time":"2025-03-25T02:21:58+00:00","og_image":[{"width":2251,"height":1951,"url":"https:\/\/centronuevasraices.cl\/wp-content\/uploads\/2025\/01\/logo-entero-circ.png","type":"image\/png"}],"twitter_card":"summary_large_image","schema":{"@context":"https:\/\/schema.org","@graph":[{"@type":"WebPage","@id":"https:\/\/centronuevasraices.cl\/","url":"https:\/\/centronuevasraices.cl\/","name":"Home - Centro Nuevas Raices","isPartOf":{"@id":"https:\/\/centronuevasraices.cl\/#website"},"datePublished":"2025-01-09T03:29:34+00:00","dateModified":"2025-03-25T02:21:58+00:00","description":"Centro de rehabilitaci\u00f3n, abordamos la adicci\u00f3n como una enfermedad cr\u00f3nica que dura toda la vida. Tratamiento es cognitivo conductual.","breadcrumb":{"@id":"https:\/\/centronuevasraices.cl\/#breadcrumb"},"inLanguage":"es","potentialAction":[{"@type":"ReadAction","target":["https:\/\/centronuevasraices.cl\/"]}]},{"@type":"BreadcrumbList","@id":"https:\/\/centronuevasraices.cl\/#breadcrumb","itemListElement":[{"@type":"ListItem","position":1,"name":"Portada","item":"https:\/\/centronuevasraices.cl\/"},{"@type":"ListItem","position":2,"name":"Centro de Rehabilitaci\u00f3n"}]},{"@type":"WebSite","@id":"https:\/\/centronuevasraices.cl\/#website","url":"https:\/\/centronuevasraices.cl\/","name":"Centro Nuevas Ra\u00edces","description":"Rehabilitaci\u00f3n Oportuna","publisher":{"@id":"https:\/\/centronuevasraices.cl\/#organization"},"alternateName":"Nuevas Ra\u00edces - Centro de rehabilitaci\u00f3n","potentialAction":[{"@type":"SearchAction","target":{"@type":"EntryPoint","urlTemplate":"https:\/\/centronuevasraices.cl\/?s={search_term_string}"},"query-input":{"@type":"PropertyValueSpecification","valueRequired":true,"valueName":"search_term_string"}}],"inLanguage":"es"},{"@type":"Organization","@id":"https:\/\/centronuevasraices.cl\/#organization","name":"Centro Nuevas Raices","alternateName":"Nuevas raices","url":"https:\/\/centronuevasraices.cl\/","logo":{"@type":"ImageObject","inLanguage":"es","@id":"https:\/\/centronuevasraices.cl\/#\/schema\/logo\/image\/","url":"https:\/\/centronuevasraices.cl\/wp-content\/uploads\/2025\/01\/logo-entero-circ.png","contentUrl":"https:\/\/centronuevasraices.cl\/wp-content\/uploads\/2025\/01\/logo-entero-circ.png","width":2251,"height":1951,"caption":"Centro Nuevas Raices"},"image":{"@id":"https:\/\/centronuevasraices.cl\/#\/schema\/logo\/image\/"}}]}},"_links":{"self":[{"href":"https:\/\/centronuevasraices.cl\/index.php\/wp-json\/wp\/v2\/pages\/10","targetHints":{"allow":["GET"]}}],"collection":[{"href":"https:\/\/centronuevasraices.cl\/index.php\/wp-json\/wp\/v2\/pages"}],"about":[{"href":"https:\/\/centronuevasraices.cl\/index.php\/wp-json\/wp\/v2\/types\/page"}],"author":[{"embeddable":true,"href":"https:\/\/centronuevasraices.cl\/index.php\/wp-json\/wp\/v2\/users\/1"}],"replies":[{"embeddable":true,"href":"https:\/\/centronuevasraices.cl\/index.php\/wp-json\/wp\/v2\/comments?post=10"}],"version-history":[{"count":50,"href":"https:\/\/centronuevasraices.cl\/index.php\/wp-json\/wp\/v2\/pages\/10\/revisions"}],"predecessor-version":[{"id":231,"href":"https:\/\/centronuevasraices.cl\/index.php\/wp-json\/wp\/v2\/pages\/10\/revisions\/231"}],"wp:attachment":[{"href":"https:\/\/centronuevasraices.cl\/index.php\/wp-json\/wp\/v2\/media?parent=10"}],"curies":[{"name":"wp","href":"https:\/\/api.w.org\/{rel}","templated":true}]}}